{"id":1328,"date":"2022-05-13T08:35:03","date_gmt":"2022-05-13T08:35:03","guid":{"rendered":"https:\/\/www.calafeascandinavia.dk\/?post_type=product&#038;p=1328"},"modified":"2024-07-05T22:25:15","modified_gmt":"2024-07-05T22:25:15","slug":"komplet-sommerpakke-foer-780kr-nu-680kr","status":"publish","type":"product","link":"https:\/\/www.calafeascandinavia.dk\/de_de\/vare\/komplet-sommerpakke-foer-780kr-nu-680kr\/","title":{"rendered":"Komplet sommerpakke &#8211; Gratis L\u00e6dervoks og conditioner ved k\u00f8b af Calafeaolie og Hovolie F\u00f8r 780kr nu 660kr"},"content":{"rendered":"<p>Sommerpakke best\u00e5ende af:<\/p>\n<ul>\n<li>1 x 500ml Calafea Horse kl\u00f8estillende olie 500 ml er en ren og helt naturlig olie til heste med stresset og t\u00f8r pels, som lider af bid, stik eller Queensland kl\u00f8e. Normalpris 320kr<\/li>\n<li>1 x 500ml <span class=\"JLqJ4b ChMk0b\" data-language-for-alternatives=\"da\" data-language-to-translate-into=\"en\" data-phrase-index=\"3\">World Best Hoof Oil, WBHO \u2013 hovpleje du kan stole p\u00e5.<\/span>\u00a0<span class=\"JLqJ4b ChMk0b\" data-language-for-alternatives=\"da\" data-language-to-translate-into=\"en\" data-phrase-index=\"5\"><span class=\"JLqJ4b ChMk0b\" data-language-for-alternatives=\"da\" data-language-to-translate-into=\"en\" data-phrase-index=\"5\">Verdens bedste hovolie har 100% \u00e6gte, rene og ufortyndede naturlige ingredienser og er blevet testet og brugt i over 50 \u00e5r. Normalpris 210kr<\/span><\/span><\/li>\n<li>1 x 85gr Australsk l\u00e6der voks fra B.K.Smith. Naturlig fremstillet direkte fra den Australske Bush.<br \/>\n<span class=\"VIiyi\" lang=\"da\"><span class=\"VIiyi\" lang=\"da\"><span class=\"JLqJ4b ChMk0b\" data-language-for-alternatives=\"da\" data-language-to-translate-into=\"en\" data-phrase-index=\"0\" data-number-of-phrases=\"7\">B.K.<\/span>\u00a0<span class=\"JLqJ4b ChMk0b\" data-language-for-alternatives=\"da\" data-language-to-translate-into=\"en\" data-phrase-index=\"1\" data-number-of-phrases=\"7\">Smith Australian Leather Wax giver en beskyttende voksbel\u00e6gning, vandafvisende og hj\u00e6lper med at forebygge<\/span>\u00a0<span class=\"JLqJ4b ChMk0b\" data-language-for-alternatives=\"da\" data-language-to-translate-into=\"en\" data-phrase-index=\"3\" data-number-of-phrases=\"7\">revner af l\u00e6derprodukter. Normalpris 100kr<\/span><\/span><\/span><\/li>\n<li>1 x 500gr B.K.Smith Australian Leather Conditioner er en specielt formuleret conditioner skabt af naturlige ingredienser fra den australske bush til pleje og vedligeholdelse af l\u00e6derprodukter. Udviklet for over 75 \u00e5r siden, har vi form\u00e5et at homogenisere dette til en bl\u00f8d creme. Normalpris 150kr<\/li>\n<\/ul>\n<p>&nbsp;<\/p>\n","protected":false},"excerpt":{"rendered":"<p>Se yderligere info under de enkelte varer<\/p>\n","protected":false},"featured_media":1329,"template":"","meta":{"site-sidebar-layout":"default","site-content-layout":"default","ast-site-content-layout":"default","site-content-style":"default","site-sidebar-style":"default","ast-global-header-display":"","ast-banner-title-visibility":"","ast-main-header-display":"","ast-hfb-above-header-display":"","ast-hfb-below-header-display":"","ast-hfb-mobile-header-display":"","site-post-title":"","ast-breadcrumbs-content":"","ast-featured-img":"","footer-sml-layout":"","ast-disable-related-posts":"","theme-transparent-header-meta":"default","adv-header-id-meta":"","stick-header-meta":"","header-above-stick-meta":"","header-main-stick-meta":"","header-below-stick-meta":"","astra-migrate-meta-layouts":"default","ast-page-background-enabled":"default","ast-page-background-meta":{"desktop":{"background-color":"","background-image":"","background-repeat":"repeat","background-position":"center center","background-size":"auto","background-attachment":"scroll","background-type":"","background-media":"","overlay-type":"","overlay-color":"","overlay-opacity":"","overlay-gradient":""},"tablet":{"background-color":"","background-image":"","background-repeat":"repeat","background-position":"center center","background-size":"auto","background-attachment":"scroll","background-type":"","background-media":"","overlay-type":"","overlay-color":"","overlay-opacity":"","overlay-gradient":""},"mobile":{"background-color":"","background-image":"","background-repeat":"repeat","background-position":"center center","background-size":"auto","background-attachment":"scroll","background-type":"","background-media":"","overlay-type":"","overlay-color":"","overlay-opacity":"","overlay-gradient":""}},"ast-content-background-meta":{"desktop":{"background-color":"var(--ast-global-color-5)","background-image":"","background-repeat":"repeat","background-position":"center center","background-size":"auto","background-attachment":"scroll","background-type":"","background-media":"","overlay-type":"","overlay-color":"","overlay-opacity":"","overlay-gradient":""},"tablet":{"background-color":"var(--ast-global-color-5)","background-image":"","background-repeat":"repeat","background-position":"center center","background-size":"auto","background-attachment":"scroll","background-type":"","background-media":"","overlay-type":"","overlay-color":"","overlay-opacity":"","overlay-gradient":""},"mobile":{"background-color":"var(--ast-global-color-5)","background-image":"","background-repeat":"repeat","background-position":"center center","background-size":"auto","background-attachment":"scroll","background-type":"","background-media":"","overlay-type":"","overlay-color":"","overlay-opacity":"","overlay-gradient":""}}},"product_brand":[],"product_cat":[34,15],"product_tag":[],"class_list":{"0":"post-1328","1":"product","2":"type-product","3":"status-publish","4":"has-post-thumbnail","6":"product_cat-tilbud","7":"product_cat-ukategoriseret","8":"desktop-align-left","9":"tablet-align-left","10":"mobile-align-left","12":"first","13":"instock","14":"taxable","15":"shipping-taxable","16":"purchasable","17":"product-type-simple"},"yoast_head":"<!-- This site is optimized with the Yoast SEO plugin v27.4 - https:\/\/yoast.com\/product\/yoast-seo-wordpress\/ -->\n<title>Komplet sommerpakke - Gratis L\u00e6dervoks og conditioner ved k\u00f8b af Calafeaolie og Hovolie F\u00f8r 780kr nu 660kr - Calafea Scandinavia<\/title>\n<meta name=\"robots\" content=\"index, follow, max-snippet:-1, max-image-preview:large, max-video-preview:-1\" \/>\n<link rel=\"canonical\" href=\"https:\/\/www.calafeascandinavia.dk\/vare\/komplet-sommerpakke-foer-780kr-nu-680kr\/\" \/>\n<meta property=\"og:locale\" content=\"de_DE\" \/>\n<meta property=\"og:type\" content=\"article\" \/>\n<meta property=\"og:title\" content=\"Komplet sommerpakke - Gratis L\u00e6dervoks og conditioner ved k\u00f8b af Calafeaolie og Hovolie F\u00f8r 780kr nu 660kr - Calafea Scandinavia\" \/>\n<meta property=\"og:description\" content=\"Se yderligere info under de enkelte varer\" \/>\n<meta property=\"og:url\" content=\"https:\/\/www.calafeascandinavia.dk\/vare\/komplet-sommerpakke-foer-780kr-nu-680kr\/\" \/>\n<meta property=\"og:site_name\" content=\"Calafea Scandinavia\" \/>\n<meta property=\"article:publisher\" content=\"https:\/\/www.facebook.com\/CalafeaScandinavia\/\" \/>\n<meta property=\"article:modified_time\" content=\"2024-07-05T22:25:15+00:00\" \/>\n<meta property=\"og:image\" content=\"https:\/\/www.calafeascandinavia.dk\/wp-content\/uploads\/2022\/05\/sommerpakke.jpg\" \/>\n\t<meta property=\"og:image:width\" content=\"827\" \/>\n\t<meta property=\"og:image:height\" content=\"1002\" \/>\n\t<meta property=\"og:image:type\" content=\"image\/jpeg\" \/>\n<meta name=\"twitter:card\" content=\"summary_large_image\" \/>\n<meta name=\"twitter:label1\" content=\"Gesch\u00e4tzte Lesezeit\" \/>\n\t<meta name=\"twitter:data1\" content=\"1\u00a0Minute\" \/>\n<script type=\"application\/ld+json\" class=\"yoast-schema-graph\">{\"@context\":\"https:\\\/\\\/schema.org\",\"@graph\":[{\"@type\":\"WebPage\",\"@id\":\"https:\\\/\\\/www.calafeascandinavia.dk\\\/vare\\\/komplet-sommerpakke-foer-780kr-nu-680kr\\\/\",\"url\":\"https:\\\/\\\/www.calafeascandinavia.dk\\\/vare\\\/komplet-sommerpakke-foer-780kr-nu-680kr\\\/\",\"name\":\"Komplet sommerpakke - Gratis L\u00e6dervoks og conditioner ved k\u00f8b af Calafeaolie og Hovolie F\u00f8r 780kr nu 660kr - Calafea Scandinavia\",\"isPartOf\":{\"@id\":\"https:\\\/\\\/www.calafeascandinavia.dk\\\/de_de\\\/#website\"},\"primaryImageOfPage\":{\"@id\":\"https:\\\/\\\/www.calafeascandinavia.dk\\\/vare\\\/komplet-sommerpakke-foer-780kr-nu-680kr\\\/#primaryimage\"},\"image\":{\"@id\":\"https:\\\/\\\/www.calafeascandinavia.dk\\\/vare\\\/komplet-sommerpakke-foer-780kr-nu-680kr\\\/#primaryimage\"},\"thumbnailUrl\":\"https:\\\/\\\/www.calafeascandinavia.dk\\\/wp-content\\\/uploads\\\/2022\\\/05\\\/sommerpakke.jpg\",\"datePublished\":\"2022-05-13T08:35:03+00:00\",\"dateModified\":\"2024-07-05T22:25:15+00:00\",\"breadcrumb\":{\"@id\":\"https:\\\/\\\/www.calafeascandinavia.dk\\\/vare\\\/komplet-sommerpakke-foer-780kr-nu-680kr\\\/#breadcrumb\"},\"inLanguage\":\"de\",\"potentialAction\":[{\"@type\":\"ReadAction\",\"target\":[\"https:\\\/\\\/www.calafeascandinavia.dk\\\/vare\\\/komplet-sommerpakke-foer-780kr-nu-680kr\\\/\"]}]},{\"@type\":\"ImageObject\",\"inLanguage\":\"de\",\"@id\":\"https:\\\/\\\/www.calafeascandinavia.dk\\\/vare\\\/komplet-sommerpakke-foer-780kr-nu-680kr\\\/#primaryimage\",\"url\":\"https:\\\/\\\/www.calafeascandinavia.dk\\\/wp-content\\\/uploads\\\/2022\\\/05\\\/sommerpakke.jpg\",\"contentUrl\":\"https:\\\/\\\/www.calafeascandinavia.dk\\\/wp-content\\\/uploads\\\/2022\\\/05\\\/sommerpakke.jpg\",\"width\":827,\"height\":1002},{\"@type\":\"BreadcrumbList\",\"@id\":\"https:\\\/\\\/www.calafeascandinavia.dk\\\/vare\\\/komplet-sommerpakke-foer-780kr-nu-680kr\\\/#breadcrumb\",\"itemListElement\":[{\"@type\":\"ListItem\",\"position\":1,\"name\":\"Home\",\"item\":\"https:\\\/\\\/www.calafeascandinavia.dk\\\/\"},{\"@type\":\"ListItem\",\"position\":2,\"name\":\"Shop\",\"item\":\"https:\\\/\\\/www.calafeascandinavia.dk\\\/shop\\\/\"},{\"@type\":\"ListItem\",\"position\":3,\"name\":\"Komplet sommerpakke &#8211; Gratis L\u00e6dervoks og conditioner ved k\u00f8b af Calafeaolie og Hovolie F\u00f8r 780kr nu 660kr\"}]},{\"@type\":\"WebSite\",\"@id\":\"https:\\\/\\\/www.calafeascandinavia.dk\\\/de_de\\\/#website\",\"url\":\"https:\\\/\\\/www.calafeascandinavia.dk\\\/de_de\\\/\",\"name\":\"Calafea Scandinavia\",\"description\":\"Hesteolie\",\"publisher\":{\"@id\":\"https:\\\/\\\/www.calafeascandinavia.dk\\\/de_de\\\/#organization\"},\"potentialAction\":[{\"@type\":\"SearchAction\",\"target\":{\"@type\":\"EntryPoint\",\"urlTemplate\":\"https:\\\/\\\/www.calafeascandinavia.dk\\\/de_de\\\/?s={search_term_string}\"},\"query-input\":{\"@type\":\"PropertyValueSpecification\",\"valueRequired\":true,\"valueName\":\"search_term_string\"}}],\"inLanguage\":\"de\"},{\"@type\":\"Organization\",\"@id\":\"https:\\\/\\\/www.calafeascandinavia.dk\\\/de_de\\\/#organization\",\"name\":\"Calafea Scandinavia\",\"url\":\"https:\\\/\\\/www.calafeascandinavia.dk\\\/de_de\\\/\",\"logo\":{\"@type\":\"ImageObject\",\"inLanguage\":\"de\",\"@id\":\"https:\\\/\\\/www.calafeascandinavia.dk\\\/de_de\\\/#\\\/schema\\\/logo\\\/image\\\/\",\"url\":\"https:\\\/\\\/www.calafeascandinavia.dk\\\/wp-content\\\/uploads\\\/2020\\\/11\\\/Calafea.png\",\"contentUrl\":\"https:\\\/\\\/www.calafeascandinavia.dk\\\/wp-content\\\/uploads\\\/2020\\\/11\\\/Calafea.png\",\"width\":299,\"height\":180,\"caption\":\"Calafea Scandinavia\"},\"image\":{\"@id\":\"https:\\\/\\\/www.calafeascandinavia.dk\\\/de_de\\\/#\\\/schema\\\/logo\\\/image\\\/\"},\"sameAs\":[\"https:\\\/\\\/www.facebook.com\\\/CalafeaScandinavia\\\/\",\"https:\\\/\\\/www.instagram.com\\\/calafea_scandinavia_\\\/\",\"https:\\\/\\\/www.linkedin.com\\\/company\\\/calafea-scandinavia\"]}]}<\/script>\n<!-- \/ Yoast SEO plugin. -->","yoast_head_json":{"title":"Komplet sommerpakke - Gratis L\u00e6dervoks og conditioner ved k\u00f8b af Calafeaolie og Hovolie F\u00f8r 780kr nu 660kr - Calafea Scandinavia","robots":{"index":"index","follow":"follow","max-snippet":"max-snippet:-1","max-image-preview":"max-image-preview:large","max-video-preview":"max-video-preview:-1"},"canonical":"https:\/\/www.calafeascandinavia.dk\/vare\/komplet-sommerpakke-foer-780kr-nu-680kr\/","og_locale":"de_DE","og_type":"article","og_title":"Komplet sommerpakke - Gratis L\u00e6dervoks og conditioner ved k\u00f8b af Calafeaolie og Hovolie F\u00f8r 780kr nu 660kr - Calafea Scandinavia","og_description":"Se yderligere info under de enkelte varer","og_url":"https:\/\/www.calafeascandinavia.dk\/vare\/komplet-sommerpakke-foer-780kr-nu-680kr\/","og_site_name":"Calafea Scandinavia","article_publisher":"https:\/\/www.facebook.com\/CalafeaScandinavia\/","article_modified_time":"2024-07-05T22:25:15+00:00","og_image":[{"width":827,"height":1002,"url":"https:\/\/www.calafeascandinavia.dk\/wp-content\/uploads\/2022\/05\/sommerpakke.jpg","type":"image\/jpeg"}],"twitter_card":"summary_large_image","twitter_misc":{"Gesch\u00e4tzte Lesezeit":"1\u00a0Minute"},"schema":{"@context":"https:\/\/schema.org","@graph":[{"@type":"WebPage","@id":"https:\/\/www.calafeascandinavia.dk\/vare\/komplet-sommerpakke-foer-780kr-nu-680kr\/","url":"https:\/\/www.calafeascandinavia.dk\/vare\/komplet-sommerpakke-foer-780kr-nu-680kr\/","name":"Komplet sommerpakke - Gratis L\u00e6dervoks og conditioner ved k\u00f8b af Calafeaolie og Hovolie F\u00f8r 780kr nu 660kr - Calafea Scandinavia","isPartOf":{"@id":"https:\/\/www.calafeascandinavia.dk\/de_de\/#website"},"primaryImageOfPage":{"@id":"https:\/\/www.calafeascandinavia.dk\/vare\/komplet-sommerpakke-foer-780kr-nu-680kr\/#primaryimage"},"image":{"@id":"https:\/\/www.calafeascandinavia.dk\/vare\/komplet-sommerpakke-foer-780kr-nu-680kr\/#primaryimage"},"thumbnailUrl":"https:\/\/www.calafeascandinavia.dk\/wp-content\/uploads\/2022\/05\/sommerpakke.jpg","datePublished":"2022-05-13T08:35:03+00:00","dateModified":"2024-07-05T22:25:15+00:00","breadcrumb":{"@id":"https:\/\/www.calafeascandinavia.dk\/vare\/komplet-sommerpakke-foer-780kr-nu-680kr\/#breadcrumb"},"inLanguage":"de","potentialAction":[{"@type":"ReadAction","target":["https:\/\/www.calafeascandinavia.dk\/vare\/komplet-sommerpakke-foer-780kr-nu-680kr\/"]}]},{"@type":"ImageObject","inLanguage":"de","@id":"https:\/\/www.calafeascandinavia.dk\/vare\/komplet-sommerpakke-foer-780kr-nu-680kr\/#primaryimage","url":"https:\/\/www.calafeascandinavia.dk\/wp-content\/uploads\/2022\/05\/sommerpakke.jpg","contentUrl":"https:\/\/www.calafeascandinavia.dk\/wp-content\/uploads\/2022\/05\/sommerpakke.jpg","width":827,"height":1002},{"@type":"BreadcrumbList","@id":"https:\/\/www.calafeascandinavia.dk\/vare\/komplet-sommerpakke-foer-780kr-nu-680kr\/#breadcrumb","itemListElement":[{"@type":"ListItem","position":1,"name":"Home","item":"https:\/\/www.calafeascandinavia.dk\/"},{"@type":"ListItem","position":2,"name":"Shop","item":"https:\/\/www.calafeascandinavia.dk\/shop\/"},{"@type":"ListItem","position":3,"name":"Komplet sommerpakke &#8211; Gratis L\u00e6dervoks og conditioner ved k\u00f8b af Calafeaolie og Hovolie F\u00f8r 780kr nu 660kr"}]},{"@type":"WebSite","@id":"https:\/\/www.calafeascandinavia.dk\/de_de\/#website","url":"https:\/\/www.calafeascandinavia.dk\/de_de\/","name":"Calafea Scandinavia","description":"Hesteolie","publisher":{"@id":"https:\/\/www.calafeascandinavia.dk\/de_de\/#organization"},"potentialAction":[{"@type":"SearchAction","target":{"@type":"EntryPoint","urlTemplate":"https:\/\/www.calafeascandinavia.dk\/de_de\/?s={search_term_string}"},"query-input":{"@type":"PropertyValueSpecification","valueRequired":true,"valueName":"search_term_string"}}],"inLanguage":"de"},{"@type":"Organization","@id":"https:\/\/www.calafeascandinavia.dk\/de_de\/#organization","name":"Calafea Scandinavia","url":"https:\/\/www.calafeascandinavia.dk\/de_de\/","logo":{"@type":"ImageObject","inLanguage":"de","@id":"https:\/\/www.calafeascandinavia.dk\/de_de\/#\/schema\/logo\/image\/","url":"https:\/\/www.calafeascandinavia.dk\/wp-content\/uploads\/2020\/11\/Calafea.png","contentUrl":"https:\/\/www.calafeascandinavia.dk\/wp-content\/uploads\/2020\/11\/Calafea.png","width":299,"height":180,"caption":"Calafea Scandinavia"},"image":{"@id":"https:\/\/www.calafeascandinavia.dk\/de_de\/#\/schema\/logo\/image\/"},"sameAs":["https:\/\/www.facebook.com\/CalafeaScandinavia\/","https:\/\/www.instagram.com\/calafea_scandinavia_\/","https:\/\/www.linkedin.com\/company\/calafea-scandinavia"]}]}},"jetpack_sharing_enabled":true,"_links":{"self":[{"href":"https:\/\/www.calafeascandinavia.dk\/de_de\/wp-json\/wp\/v2\/product\/1328","targetHints":{"allow":["GET"]}}],"collection":[{"href":"https:\/\/www.calafeascandinavia.dk\/de_de\/wp-json\/wp\/v2\/product"}],"about":[{"href":"https:\/\/www.calafeascandinavia.dk\/de_de\/wp-json\/wp\/v2\/types\/product"}],"wp:featuredmedia":[{"embeddable":true,"href":"https:\/\/www.calafeascandinavia.dk\/de_de\/wp-json\/wp\/v2\/media\/1329"}],"wp:attachment":[{"href":"https:\/\/www.calafeascandinavia.dk\/de_de\/wp-json\/wp\/v2\/media?parent=1328"}],"wp:term":[{"taxonomy":"product_brand","embeddable":true,"href":"https:\/\/www.calafeascandinavia.dk\/de_de\/wp-json\/wp\/v2\/product_brand?post=1328"},{"taxonomy":"product_cat","embeddable":true,"href":"https:\/\/www.calafeascandinavia.dk\/de_de\/wp-json\/wp\/v2\/product_cat?post=1328"},{"taxonomy":"product_tag","embeddable":true,"href":"https:\/\/www.calafeascandinavia.dk\/de_de\/wp-json\/wp\/v2\/product_tag?post=1328"}],"curies":[{"name":"wp","href":"https:\/\/api.w.org\/{rel}","templated":true}]}}